{"id":902,"date":"2024-06-18T15:47:40","date_gmt":"2024-06-18T19:47:40","guid":{"rendered":"https:\/\/www.vigilis.ca\/zone-conseils\/?page_id=902"},"modified":"2025-03-18T13:48:09","modified_gmt":"2025-03-18T17:48:09","slug":"medecins","status":"publish","type":"page","link":"https:\/\/www.vigilis.ca\/zone-conseils\/medecins\/","title":{"rendered":"Zone Conseils VIGILIS \/ M\u00e9decins"},"content":{"rendered":"<style type='text\/css' media='all'>#rt-tpg-container-3161850941 .rt-holder .rt-woo-info .price{color:#0367bf;}body .rt-tpg-container .rt-tpg-isotope-buttons .selected,\n\t\t\t\t\t#rt-tpg-container-3161850941 .layout12 .rt-holder:hover .rt-detail,\n\t\t\t\t\t#rt-tpg-container-3161850941 .isotope8 .rt-holder:hover .rt-detail,\n\t\t\t\t\t#rt-tpg-container-3161850941 .carousel8 .rt-holder:hover .rt-detail,\n\t\t\t\t\t#rt-tpg-container-3161850941 .layout13 .rt-holder .overlay .post-info,\n\t\t\t\t\t#rt-tpg-container-3161850941 .isotope9 .rt-holder .overlay .post-info,\n\t\t\t\t\t#rt-tpg-container-3161850941.rt-tpg-container .layout4 .rt-holder .rt-detail,\n\t\t\t\t\t.rt-modal-3161850941 .md-content,\n\t\t\t\t\t.rt-modal-3161850941 .md-content > .rt-md-content-holder .rt-md-content,\n\t\t\t\t\t.rt-popup-wrap-3161850941.rt-popup-wrap .rt-popup-navigation-wrap,\n\t\t\t\t\t#rt-tpg-container-3161850941 .carousel9 .rt-holder .overlay .post-info{background-color:#0367bf;}#rt-tpg-container-3161850941 .layout5 .rt-holder .overlay, #rt-tpg-container-3161850941 .isotope2 .rt-holder .overlay, #rt-tpg-container-3161850941 .carousel2 .rt-holder .overlay,#rt-tpg-container-3161850941 .layout15 .rt-holder h3, #rt-tpg-container-3161850941 .isotope11 .rt-holder h3, #rt-tpg-container-3161850941 .carousel11 .rt-holder h3, #rt-tpg-container-3161850941 .layout16 .rt-holder h3,\n\t\t\t\t\t#rt-tpg-container-3161850941 .isotope12 .rt-holder h3, #rt-tpg-container-3161850941 .carousel12 .rt-holder h3 {background-color:rgba(3,103,191,0.8);}#rt-tpg-container-3161850941 .pagination-list li a,\n\t\t\t\t\trt-tpg-container-3161850941 .pagination-list li span,\n\t\t\t\t\trt-tpg-container-3161850941 .pagination li a,\n\t\t\t\t\t#rt-tpg-container-3161850941 .rt-tpg-isotope-buttons button,\n\t\t\t\t\t#rt-tpg-container-3161850941 .rt-tpg-utility .rt-tpg-load-more button,\n\t\t\t\t\t#rt-tpg-container-3161850941.rt-tpg-container .swiper-navigation .slider-btn,\n\t\t\t\t\t#rt-tpg-container-3161850941.rt-tpg-container .swiper-pagination-bullet,\n\t\t\t\t\t#rt-tpg-container-3161850941 .wc1 .rt-holder .rt-img-holder .overlay .product-more ul li a,\n\t\t\t\t\t#rt-tpg-container-3161850941 .wc2 .rt-detail .rt-wc-add-to-cart,\n\t\t\t\t\t#rt-tpg-container-3161850941 .wc3 .rt-detail .rt-wc-add-to-cart,\n\t\t\t\t\t#rt-tpg-container-3161850941 .wc4 .rt-detail .rt-wc-add-to-cart,\n\t\t\t\t\t#rt-tpg-container-3161850941 .wc-carousel2 .rt-detail .rt-wc-add-to-cart,\n\t\t\t\t\t#rt-tpg-container-3161850941 .wc-isotope2 .rt-detail .rt-wc-add-to-cart,\n\t\t\t\t\t#rt-tpg-container-3161850941 .rt-layout-filter-container .rt-filter-wrap .rt-filter-item-wrap.rt-filter-dropdown-wrap .rt-filter-dropdown,\n\t\t\t\t\t#rt-tpg-container-3161850941 .rt-layout-filter-container .rt-filter-sub-tax.sub-button-group .rt-filter-button-item,\n\t\t\t\t\t#rt-tpg-container-3161850941.rt-tpg-container .rt-pagination-wrap .rt-page-numbers .paginationjs .paginationjs-pages ul li>a,\n\t\t\t\t\t#rt-tpg-container-3161850941 .rt-filter-item-wrap.rt-filter-button-wrap span.rt-filter-button-item,\n\t\t\t\t\t#rt-tpg-container-3161850941.rt-tpg-container .rt-pagination-wrap  .rt-loadmore-btn,\n\t\t\t\t\t#rt-tpg-container-3161850941.rt-tpg-container .rt-pagination-wrap .rt-cb-page-prev-next > *,\n\t\t\t\t\t#rt-tpg-container-3161850941 .rt-read-more,\n\t\t\t\t\t#rt-tooltip-3161850941, #rt-tooltip-3161850941 .rt-tooltip-bottom:after{background-color:#af1e2d;}#rt-tpg-container-3161850941 .rt-filter-item-wrap.rt-filter-button-wrap span.rt-filter-button-item,\n\t\t\t\t\t#rt-tpg-container-3161850941 .rt-layout-filter-container .rt-filter-sub-tax.sub-button-group .rt-filter-button-item{border-color:#af1e2d;}#rt-tpg-container-3161850941.rt-tpg-container .layout17 .rt-holder .overlay a.tpg-zoom .fa{color:#af1e2d;}#rt-tpg-container-3161850941 .rt-holder .read-more a {background-color:#af1e2d;padding: 8px 15px;}#rt-tpg-container-3161850941 .pagination-list li a,\n\t\t\t\t\t#rt-tpg-container-3161850941 .pagination li a,\n\t\t\t\t\t#rt-tpg-container-3161850941 .rt-tpg-isotope-buttons button,\n\t\t\t\t\t#rt-tpg-container-3161850941 .rt-holder .read-more a,\n\t\t\t\t\t#rt-tpg-container-3161850941 .rt-tpg-utility .rt-tpg-load-more button,\n\t\t\t\t\t#rt-tpg-container-3161850941.rt-tpg-container .swiper-navigation .slider-btn,\n\t\t\t\t\t#rt-tpg-container-3161850941 .wc1 .rt-holder .rt-img-holder .overlay .product-more ul li a,\n\t\t\t\t\t#rt-tpg-container-3161850941 .edd1 .rt-holder .rt-img-holder .overlay .product-more ul li a,\n\t\t\t\t\t#rt-tpg-container-3161850941 .wc2 .rt-detail .rt-wc-add-to-cart,\n\t\t\t\t\t#rt-tpg-container-3161850941 .wc3 .rt-detail .rt-wc-add-to-cart,\n\t\t\t\t\t#rt-tpg-container-3161850941 .edd2 .rt-detail .rt-wc-add-to-cart,\n\t\t\t\t\t#rt-tpg-container-3161850941 .wc4 .rt-detail .rt-wc-add-to-cart,\n\t\t\t\t\t#rt-tpg-container-3161850941 .edd3 .rt-detail .rt-wc-add-to-cart,\n\t\t\t\t\t#rt-tpg-container-3161850941 .wc-carousel2 .rt-detail .rt-wc-add-to-cart,\n\t\t\t\t\t#rt-tpg-container-3161850941 .wc-isotope2 .rt-detail .rt-wc-add-to-cart,\n\t\t\t\t\t#rt-tpg-container-3161850941 .rt-tpg-utility .rt-tpg-load-more button,\n\t\t\t\t\t#rt-tooltip-3161850941,\n\t\t\t\t\t#rt-tpg-container-3161850941 .rt-filter-item-wrap.rt-filter-button-wrap span.rt-filter-button-item,\n\t\t\t\t\t#rt-tpg-container-3161850941 .rt-layout-filter-container .rt-filter-sub-tax.sub-button-group .rt-filter-button-item,\n\t\t\t\t\t#rt-tpg-container-3161850941 .rt-layout-filter-container .rt-filter-wrap .rt-filter-item-wrap.rt-sort-order-action,\n\t\t\t\t\t#rt-tpg-container-3161850941 .rt-layout-filter-container .rt-filter-wrap .rt-filter-item-wrap.rt-filter-dropdown-wrap .rt-filter-dropdown .rt-filter-dropdown-item,\n\t\t\t\t\t#rt-tpg-container-3161850941.rt-tpg-container .rt-pagination-wrap .rt-page-numbers .paginationjs .paginationjs-pages ul li>a,\n\t\t\t\t\t#rt-tpg-container-3161850941.rt-tpg-container .rt-pagination-wrap .rt-cb-page-prev-next > *,\n\t\t\t\t\t#rt-tpg-container-3161850941.rt-tpg-container .rt-pagination-wrap  .rt-loadmore-btn,\n\t\t\t\t\t#rt-tpg-container-3161850941 .rt-read-more,\n\t\t\t\t\t#rt-tooltip-3161850941 .rt-tooltip-bottom:after{color:#ffffff;}#rt-tpg-container-3161850941 .rt-filter-item-wrap.rt-filter-button-wrap span.rt-filter-button-item:hover,\n\t\t\t\t\t#rt-tpg-container-3161850941 .rt-holder .read-more a:hover,\n\t\t\t\t\t#rt-tpg-container-3161850941.rt-tpg-container .swiper-navigation .slider-btn:hover,\n\t\t\t\t\t#rt-tpg-container-3161850941 .rt-layout-filter-container .rt-filter-sub-tax.sub-button-group .rt-filter-button-item:hover,\n\t\t\t\t\t#rt-tpg-container-3161850941 .rt-layout-filter-container .rt-filter-wrap .rt-filter-item-wrap.rt-filter-dropdown-wrap .rt-filter-dropdown .rt-filter-dropdown-item:hover,\n\t\t\t\t\t#rt-tpg-container-3161850941 .rt-layout-filter-container .rt-filter-wrap .rt-filter-item-wrap.rt-filter-dropdown-wrap .rt-filter-dropdown .rt-filter-dropdown-item.selected,\n\t\t\t\t\t#rt-tpg-container-3161850941 .rt-layout-filter-container .rt-filter-wrap .rt-filter-item-wrap.rt-sort-order-action:hover,\n\t\t\t\t\t#rt-tpg-container-3161850941.rt-tpg-container .rt-pagination-wrap .rt-page-numbers .paginationjs .paginationjs-pages ul li.active>a:hover,\n\t\t\t\t\t#rt-tpg-container-3161850941 .rt-filter-item-wrap.rt-filter-button-wrap span.rt-filter-button-item.selected,\n\t\t\t\t\t#rt-tpg-container-3161850941 .rt-layout-filter-container .rt-filter-wrap .rt-filter-item-wrap.rt-sort-order-action,\n\t\t\t\t\t#rt-tpg-container-3161850941.rt-tpg-container .rt-pagination-wrap  .rt-loadmore-btn:hover,\n\t\t\t\t\t#rt-tpg-container-3161850941 .rt-read-more:hover,\n\t\t\t\t\t#rt-tpg-container-3161850941.rt-tpg-container .rt-pagination-wrap .rt-page-numbers .paginationjs .paginationjs-pages ul li.active>a{color:#000000;}#rt-tpg-container-3161850941 .read-more a{border-radius:px;}#rt-tpg-container-3161850941 .rt-img-holder img.rt-img-responsive,#rt-tpg-container-3161850941 .rt-img-holder,\n\t\t\t\t\t#rt-tpg-container-3161850941 .rt-post-overlay .post-img,\n\t\t\t\t\t#rt-tpg-container-3161850941 .post-sm .post-img,\n\t\t\t\t\t#rt-tpg-container-3161850941 .rt-post-grid .post-img,\n\t\t\t\t\t#rt-tpg-container-3161850941 .post-img img {border-radius:px;}#rt-tpg-container-3161850941 .layout1 .rt-holder h2.entry-title,\n\t\t\t\t\t#rt-tpg-container-3161850941 .layout1 .rt-holder h3.entry-title,\n\t\t\t\t\t#rt-tpg-container-3161850941 .layout1 .rt-holder h4.entry-title,\n\t\t\t\t\t#rt-tpg-container-3161850941 .layout1 .rt-holder h2.entry-title a,\n\t\t\t\t\t#rt-tpg-container-3161850941 .layout1 .rt-holder h3.entry-title a,\n\t\t\t\t\t#rt-tpg-container-3161850941 .layout1 .rt-holder h4.entry-title a,\n\t\t\t\t\t#rt-tpg-container-3161850941 .rt-holder .rt-woo-info h2 a,\n\t\t\t\t\t#rt-tpg-container-3161850941 .rt-holder .rt-woo-info h3 a,\n\t\t\t\t\t#rt-tpg-container-3161850941 .rt-holder .rt-woo-info h4 a,\n\t\t\t\t\t#rt-tpg-container-3161850941 .post-content .post-title,\n\t\t\t\t\t#rt-tpg-container-3161850941 .rt-post-grid .post-title,\n\t\t\t\t\t#rt-tpg-container-3161850941 .rt-post-grid .post-title a,\n\t\t\t\t\t#rt-tpg-container-3161850941 .post-content .post-title a,\n\t\t\t\t\t#rt-tpg-container-3161850941 .rt-holder .rt-woo-info h2,\n\t\t\t\t\t#rt-tpg-container-3161850941 .rt-holder .rt-woo-info h3,\n\t\t\t\t\t#rt-tpg-container-3161850941 .rt-holder .rt-woo-info h4{font-size:16px;line-height:26px;font-weight:bold;}#rt-tpg-container-3161850941 .post-grid-lg-style-1 .post-title,\n\t\t\t\t\t\t#rt-tpg-container-3161850941 .post-grid-lg-style-1 .post-title a,\n\t\t\t\t\t\t#rt-tpg-container-3161850941 .big-layout .post-title,\n\t\t\t\t\t\t#rt-tpg-container-3161850941 .big-layout .post-title a,\n\t\t\t\t\t\t#rt-tpg-container-3161850941 .post-grid-lg-style-1 .post-title,\n\t\t\t\t\t\t#rt-tpg-container-3161850941 .post-grid-lg-style-1 .post-title a {font-size:24px;line-height:34px;}#rt-tpg-container-3161850941 .layout1 .rt-holder .tpg-excerpt,#rt-tpg-container-3161850941 .layout1 .tpg-excerpt,#rt-tpg-container-3161850941 .layout1 .rt-holder .post-content,#rt-tpg-container-3161850941 .rt-holder .rt-woo-info p,#rt-tpg-container-3161850941 .post-content p {font-size:16px;}<\/style><div class='rt-container-fluid rt-tpg-container tpg-shortcode-main-wrapper ' id='rt-tpg-container-3161850941'   data-layout='layout1' data-grid-style='even' data-desktop-col='2'  data-tab-col='2'  data-mobile-col='1' data-sc-id='909'><div data-title='Loading ...' class='rt-row rt-content-loader   layout1 tpg-even '><div class=\"rt-col-md-6 rt-col-sm-6 rt-col-xs-12 even-grid-item rt-grid-item\" data-id=\"1201\"><div class=\"rt-holder\"><div class=\"rt-img-holder\"><a data-id=\"1201\" class=\"\" href=\"https:\/\/www.vigilis.ca\/zone-conseils\/assurance-vie-protection-strategique\/\"><img loading=\"lazy\" decoding=\"async\" width=\"750\" height=\"500\" src=\"https:\/\/www.vigilis.ca\/zone-conseils\/wp-content\/uploads\/2026\/01\/Assurance-vie-strategie-750x500.png\" class=\"rt-img-responsive \" alt=\"\" \/><\/a><\/div><div class='rt-detail'><h3 class=\"entry-title\"><a data-id=\"1201\" class=\"\" href=\"https:\/\/www.vigilis.ca\/zone-conseils\/assurance-vie-protection-strategique\/\">Assurance vie : quand cette protection devient strat\u00e9gique<\/a><\/h3><div class='tpg-excerpt'>Au fil de votre parcours, vos priorit\u00e9s \u00e9voluent. Votre situation personnelle et professionnelle change, et votre couverture d\u2019assurance gagne \u00e0 suivre le rythme. Souvent per\u00e7ue...<\/div><div class='post-meta '><span class='read-more'><a data-id='1201' class='' href='https:\/\/www.vigilis.ca\/zone-conseils\/assurance-vie-protection-strategique\/'>Lire l'article<\/a><\/span><\/div><\/div><\/div><\/div><div class=\"rt-col-md-6 rt-col-sm-6 rt-col-xs-12 even-grid-item rt-grid-item\" data-id=\"1161\"><div class=\"rt-holder\"><div class=\"rt-img-holder\"><a data-id=\"1161\" class=\"\" href=\"https:\/\/www.vigilis.ca\/zone-conseils\/assurance-vie-dernier-deces\/\"><img loading=\"lazy\" decoding=\"async\" width=\"750\" height=\"500\" src=\"https:\/\/www.vigilis.ca\/zone-conseils\/wp-content\/uploads\/2025\/09\/assurance-vie-dernier-deces-750x500.jpg\" class=\"rt-img-responsive \" alt=\"assurance vie au dernier d\u00e9c\u00e8s\" \/><\/a><\/div><div class='rt-detail'><h3 class=\"entry-title\"><a data-id=\"1161\" class=\"\" href=\"https:\/\/www.vigilis.ca\/zone-conseils\/assurance-vie-dernier-deces\/\">L\u2019assurance vie au dernier d\u00e9c\u00e8s : prot\u00e9ger vos actifs et r\u00e9duire l\u2019impact fiscal<\/a><\/h3><div class='tpg-excerpt'>Dans un contexte o\u00f9 la planification successorale devient une priorit\u00e9 pour de nombreux clients et propri\u00e9taires d&rsquo;entreprises, l\u2019assurance vie au dernier d\u00e9c\u00e8s se distingue comme...<\/div><div class='post-meta '><span class='read-more'><a data-id='1161' class='' href='https:\/\/www.vigilis.ca\/zone-conseils\/assurance-vie-dernier-deces\/'>Lire l'article<\/a><\/span><\/div><\/div><\/div><\/div><div class=\"rt-col-md-6 rt-col-sm-6 rt-col-xs-12 even-grid-item rt-grid-item\" data-id=\"983\"><div class=\"rt-holder\"><div class=\"rt-img-holder\"><a data-id=\"983\" class=\"\" href=\"https:\/\/www.vigilis.ca\/zone-conseils\/planification-financiere-medecins\/\"><img loading=\"lazy\" decoding=\"async\" width=\"750\" height=\"500\" src=\"https:\/\/www.vigilis.ca\/zone-conseils\/wp-content\/uploads\/2025\/01\/planification-MD-750x500.png\" class=\"rt-img-responsive \" alt=\"\" \/><\/a><\/div><div class='rt-detail'><h3 class=\"entry-title\"><a data-id=\"983\" class=\"\" href=\"https:\/\/www.vigilis.ca\/zone-conseils\/planification-financiere-medecins\/\">Planification financi\u00e8re des m\u00e9decins : Quels \u00e9l\u00e9ments cruciaux prendre en compte?<\/a><\/h3><div class='tpg-excerpt'>\u00c0 titre de professionnel de la sant\u00e9, vous consacrez votre carri\u00e8re au bien-\u00eatre des autres. L\u2019exercice de la profession peut devenir contraignant en termes de...<\/div><div class='post-meta '><span class='read-more'><a data-id='983' class='' href='https:\/\/www.vigilis.ca\/zone-conseils\/planification-financiere-medecins\/'>Lire l'article<\/a><\/span><\/div><\/div><\/div><\/div><div class=\"rt-col-md-6 rt-col-sm-6 rt-col-xs-12 even-grid-item rt-grid-item\" data-id=\"1024\"><div class=\"rt-holder\"><div class=\"rt-img-holder\"><a data-id=\"1024\" class=\"\" href=\"https:\/\/www.vigilis.ca\/zone-conseils\/comprendre-la-finance-durable\/\"><img loading=\"lazy\" decoding=\"async\" width=\"750\" height=\"500\" src=\"https:\/\/www.vigilis.ca\/zone-conseils\/wp-content\/uploads\/2025\/01\/finance-durable-750x500.png\" class=\"rt-img-responsive \" alt=\"Finance durable\" \/><\/a><\/div><div class='rt-detail'><h3 class=\"entry-title\"><a data-id=\"1024\" class=\"\" href=\"https:\/\/www.vigilis.ca\/zone-conseils\/comprendre-la-finance-durable\/\">Comprendre la finance durable<\/a><\/h3><div class='tpg-excerpt'>La finance durable est une approche qui vise \u00e0 int\u00e9grer les crit\u00e8res ESG dans les processus de d\u00e9cision li\u00e9s aux investissements, aux financements et \u00e0...<\/div><div class='post-meta '><span class='read-more'><a data-id='1024' class='' href='https:\/\/www.vigilis.ca\/zone-conseils\/comprendre-la-finance-durable\/'>Lire l'article<\/a><\/span><\/div><\/div><\/div><\/div><div class=\"rt-col-md-6 rt-col-sm-6 rt-col-xs-12 even-grid-item rt-grid-item\" data-id=\"826\"><div class=\"rt-holder\"><div class=\"rt-img-holder\"><a data-id=\"826\" class=\"\" href=\"https:\/\/www.vigilis.ca\/zone-conseils\/assurance-vie-comprendre-les-avantages-fiscaux\/\"><img loading=\"lazy\" decoding=\"async\" width=\"750\" height=\"500\" src=\"https:\/\/www.vigilis.ca\/zone-conseils\/wp-content\/uploads\/2024\/01\/Implications-fiscales-assurance-vie-750x500.png\" class=\"rt-img-responsive \" alt=\"Savoir d\u00e9crypter les implications fiscales de l&#039;assurance vie\" \/><\/a><\/div><div class='rt-detail'><h3 class=\"entry-title\"><a data-id=\"826\" class=\"\" href=\"https:\/\/www.vigilis.ca\/zone-conseils\/assurance-vie-comprendre-les-avantages-fiscaux\/\">Assurance vie et fiscalit\u00e9 : bien comprendre les avantages<\/a><\/h3><div class='tpg-excerpt'>L'assurance vie b\u00e9n\u00e9ficie d'un cadre fiscal privil\u00e9gi\u00e9 et peut s'av\u00e9rer un outil tr\u00e8s int\u00e9ressant en mati\u00e8re de gestion de patrimoine. D\u00e9couvrez quelques-une de ses implications...<\/div><div class='post-meta '><span class='read-more'><a data-id='826' class='' href='https:\/\/www.vigilis.ca\/zone-conseils\/assurance-vie-comprendre-les-avantages-fiscaux\/'>Lire l'article<\/a><\/span><\/div><\/div><\/div><\/div><div class=\"rt-col-md-6 rt-col-sm-6 rt-col-xs-12 even-grid-item rt-grid-item\" data-id=\"734\"><div class=\"rt-holder\"><div class=\"rt-img-holder\"><a data-id=\"734\" class=\"\" href=\"https:\/\/www.vigilis.ca\/zone-conseils\/maximiser-valeur-don\/\"><img loading=\"lazy\" decoding=\"async\" width=\"750\" height=\"500\" src=\"https:\/\/www.vigilis.ca\/zone-conseils\/wp-content\/uploads\/2022\/09\/Philanthropie-750x500.png\" class=\"rt-img-responsive \" alt=\"Assurance vie et dons de bienfaisance\" \/><\/a><\/div><div class='rt-detail'><h3 class=\"entry-title\"><a data-id=\"734\" class=\"\" href=\"https:\/\/www.vigilis.ca\/zone-conseils\/maximiser-valeur-don\/\">Philanthropie : 4 strat\u00e9gies pour maximiser la valeur de vos dons<\/a><\/h3><div class='tpg-excerpt'>Lorsque le d\u00e9sir de donner \u00e0 un organisme ou une fondation (publique ou priv\u00e9e) nous anime, il convient de privil\u00e9gier des strat\u00e9gies qui permettent de...<\/div><div class='post-meta '><span class='read-more'><a data-id='734' class='' href='https:\/\/www.vigilis.ca\/zone-conseils\/maximiser-valeur-don\/'>Lire l'article<\/a><\/span><\/div><\/div><\/div><\/div><\/div><div class='rt-pagination-wrap' data-total-pages='2' data-posts-per-page='6' data-type='pagination'  ><div class=\"rt-pagination\" ><ul class=\"pagination-list\"><li class=\"active\"><span>1<\/span><\/li><li><a data-paged='2' href='https:\/\/www.vigilis.ca\/zone-conseils\/wp-json\/wp\/v2\/pages\/902\/page\/2\/'>2<\/a><\/li><\/ul><\/div><\/div><\/div>\n<!-- AddThis Advanced Settings generic via filter on the_content --><!-- AddThis Share Buttons generic via filter on the_content -->","protected":false},"excerpt":{"rendered":"<p><!-- AddThis Advanced Settings generic via filter on get_the_excerpt --><!-- AddThis Share Buttons generic via filter on get_the_excerpt --><\/p>\n","protected":false},"author":2,"featured_media":0,"parent":0,"menu_order":0,"comment_status":"closed","ping_status":"closed","template":"","meta":{"_acf_changed":false,"_genesis_hide_title":false,"_genesis_hide_breadcrumbs":false,"_genesis_hide_singular_image":false,"_genesis_hide_footer_widgets":false,"_genesis_custom_body_class":"","_genesis_custom_post_class":"","_genesis_layout":"","footnotes":""},"class_list":{"0":"post-902","1":"page","2":"type-page","3":"status-publish","5":"entry","6":"has-post-thumbnail"},"acf":[],"yoast_head":"<!-- This site is optimized with the Yoast SEO plugin v27.0 - https:\/\/yoast.com\/product\/yoast-seo-wordpress\/ -->\n<title>Zone Conseils VIGILIS \/ M\u00e9decins - VIGILIS - Zone conseils<\/title>\n<meta name=\"robots\" content=\"index, follow, max-snippet:-1, max-image-preview:large, max-video-preview:-1\" \/>\n<link rel=\"canonical\" href=\"https:\/\/www.vigilis.ca\/zone-conseils\/medecins\/\" \/>\n<meta property=\"og:locale\" content=\"fr_FR\" \/>\n<meta property=\"og:type\" content=\"article\" \/>\n<meta property=\"og:title\" content=\"Zone Conseils VIGILIS \/ M\u00e9decins - VIGILIS - Zone conseils\" \/>\n<meta property=\"og:url\" content=\"https:\/\/www.vigilis.ca\/zone-conseils\/medecins\/\" \/>\n<meta property=\"og:site_name\" content=\"VIGILIS - Zone conseils\" \/>\n<meta property=\"article:modified_time\" content=\"2025-03-18T17:48:09+00:00\" \/>\n<meta name=\"twitter:card\" content=\"summary_large_image\" \/>\n<meta name=\"twitter:label1\" content=\"Dur\u00e9e de lecture estim\u00e9e\" \/>\n\t<meta name=\"twitter:data1\" content=\"1 minute\" \/>\n<script type=\"application\/ld+json\" class=\"yoast-schema-graph\">{\"@context\":\"https:\/\/schema.org\",\"@graph\":[{\"@type\":\"WebPage\",\"@id\":\"https:\/\/www.vigilis.ca\/zone-conseils\/medecins\/\",\"url\":\"https:\/\/www.vigilis.ca\/zone-conseils\/medecins\/\",\"name\":\"Zone Conseils VIGILIS \/ M\u00e9decins - VIGILIS - Zone conseils\",\"isPartOf\":{\"@id\":\"https:\/\/www.vigilis.ca\/zone-conseils\/#website\"},\"datePublished\":\"2024-06-18T19:47:40+00:00\",\"dateModified\":\"2025-03-18T17:48:09+00:00\",\"breadcrumb\":{\"@id\":\"https:\/\/www.vigilis.ca\/zone-conseils\/medecins\/#breadcrumb\"},\"inLanguage\":\"fr-FR\",\"potentialAction\":[{\"@type\":\"ReadAction\",\"target\":[\"https:\/\/www.vigilis.ca\/zone-conseils\/medecins\/\"]}]},{\"@type\":\"BreadcrumbList\",\"@id\":\"https:\/\/www.vigilis.ca\/zone-conseils\/medecins\/#breadcrumb\",\"itemListElement\":[{\"@type\":\"ListItem\",\"position\":1,\"name\":\"Accueil\",\"item\":\"https:\/\/www.vigilis.ca\/zone-conseils\/\"},{\"@type\":\"ListItem\",\"position\":2,\"name\":\"Zone Conseils VIGILIS \/ M\u00e9decins\"}]},{\"@type\":\"WebSite\",\"@id\":\"https:\/\/www.vigilis.ca\/zone-conseils\/#website\",\"url\":\"https:\/\/www.vigilis.ca\/zone-conseils\/\",\"name\":\"VIGILIS - Zone conseils\",\"description\":\"\",\"potentialAction\":[{\"@type\":\"SearchAction\",\"target\":{\"@type\":\"EntryPoint\",\"urlTemplate\":\"https:\/\/www.vigilis.ca\/zone-conseils\/?s={search_term_string}\"},\"query-input\":{\"@type\":\"PropertyValueSpecification\",\"valueRequired\":true,\"valueName\":\"search_term_string\"}}],\"inLanguage\":\"fr-FR\"}]}<\/script>\n<!-- \/ Yoast SEO plugin. -->","yoast_head_json":{"title":"Zone Conseils VIGILIS \/ M\u00e9decins - VIGILIS - Zone conseils","robots":{"index":"index","follow":"follow","max-snippet":"max-snippet:-1","max-image-preview":"max-image-preview:large","max-video-preview":"max-video-preview:-1"},"canonical":"https:\/\/www.vigilis.ca\/zone-conseils\/medecins\/","og_locale":"fr_FR","og_type":"article","og_title":"Zone Conseils VIGILIS \/ M\u00e9decins - VIGILIS - Zone conseils","og_url":"https:\/\/www.vigilis.ca\/zone-conseils\/medecins\/","og_site_name":"VIGILIS - Zone conseils","article_modified_time":"2025-03-18T17:48:09+00:00","twitter_card":"summary_large_image","twitter_misc":{"Dur\u00e9e de lecture estim\u00e9e":"1 minute"},"schema":{"@context":"https:\/\/schema.org","@graph":[{"@type":"WebPage","@id":"https:\/\/www.vigilis.ca\/zone-conseils\/medecins\/","url":"https:\/\/www.vigilis.ca\/zone-conseils\/medecins\/","name":"Zone Conseils VIGILIS \/ M\u00e9decins - VIGILIS - Zone conseils","isPartOf":{"@id":"https:\/\/www.vigilis.ca\/zone-conseils\/#website"},"datePublished":"2024-06-18T19:47:40+00:00","dateModified":"2025-03-18T17:48:09+00:00","breadcrumb":{"@id":"https:\/\/www.vigilis.ca\/zone-conseils\/medecins\/#breadcrumb"},"inLanguage":"fr-FR","potentialAction":[{"@type":"ReadAction","target":["https:\/\/www.vigilis.ca\/zone-conseils\/medecins\/"]}]},{"@type":"BreadcrumbList","@id":"https:\/\/www.vigilis.ca\/zone-conseils\/medecins\/#breadcrumb","itemListElement":[{"@type":"ListItem","position":1,"name":"Accueil","item":"https:\/\/www.vigilis.ca\/zone-conseils\/"},{"@type":"ListItem","position":2,"name":"Zone Conseils VIGILIS \/ M\u00e9decins"}]},{"@type":"WebSite","@id":"https:\/\/www.vigilis.ca\/zone-conseils\/#website","url":"https:\/\/www.vigilis.ca\/zone-conseils\/","name":"VIGILIS - Zone conseils","description":"","potentialAction":[{"@type":"SearchAction","target":{"@type":"EntryPoint","urlTemplate":"https:\/\/www.vigilis.ca\/zone-conseils\/?s={search_term_string}"},"query-input":{"@type":"PropertyValueSpecification","valueRequired":true,"valueName":"search_term_string"}}],"inLanguage":"fr-FR"}]}},"rttpg_featured_image_url":null,"rttpg_author":{"display_name":"Myriam","author_link":"https:\/\/www.vigilis.ca\/zone-conseils\/author\/myriam-2\/"},"rttpg_comment":0,"rttpg_category":"","rttpg_excerpt":null,"_links":{"self":[{"href":"https:\/\/www.vigilis.ca\/zone-conseils\/wp-json\/wp\/v2\/pages\/902","targetHints":{"allow":["GET"]}}],"collection":[{"href":"https:\/\/www.vigilis.ca\/zone-conseils\/wp-json\/wp\/v2\/pages"}],"about":[{"href":"https:\/\/www.vigilis.ca\/zone-conseils\/wp-json\/wp\/v2\/types\/page"}],"author":[{"embeddable":true,"href":"https:\/\/www.vigilis.ca\/zone-conseils\/wp-json\/wp\/v2\/users\/2"}],"replies":[{"embeddable":true,"href":"https:\/\/www.vigilis.ca\/zone-conseils\/wp-json\/wp\/v2\/comments?post=902"}],"version-history":[{"count":11,"href":"https:\/\/www.vigilis.ca\/zone-conseils\/wp-json\/wp\/v2\/pages\/902\/revisions"}],"predecessor-version":[{"id":1087,"href":"https:\/\/www.vigilis.ca\/zone-conseils\/wp-json\/wp\/v2\/pages\/902\/revisions\/1087"}],"wp:attachment":[{"href":"https:\/\/www.vigilis.ca\/zone-conseils\/wp-json\/wp\/v2\/media?parent=902"}],"curies":[{"name":"wp","href":"https:\/\/api.w.org\/{rel}","templated":true}]}}